{"id":3,"date":"2025-02-18T17:19:45","date_gmt":"2025-02-18T17:19:45","guid":{"rendered":"https:\/\/dcnight.com\/?page_id=3"},"modified":"2025-02-27T11:48:01","modified_gmt":"2025-02-27T11:48:01","slug":"privacy-policy","status":"publish","type":"page","link":"https:\/\/dcnight.com\/it\/privacy-policy\/","title":{"rendered":"Informativa al trattamento dati personali dei partecipanti all\u2019evento \u201cDC Night\u201d"},"content":{"rendered":"<p>[et_pb_section fb_built=&#8221;1&#8243; _builder_version=&#8221;4.16&#8243; global_colors_info=&#8221;{}&#8221;][et_pb_row _builder_version=&#8221;4.27.4&#8243; background_size=&#8221;initial&#8221; background_position=&#8221;top_left&#8221; background_repeat=&#8221;repeat&#8221; link_option_url_new_window=&#8221;on&#8221; global_colors_info=&#8221;{}&#8221;][et_pb_column type=&#8221;4_4&#8243; _builder_version=&#8221;4.16&#8243; custom_padding=&#8221;|||&#8221; global_colors_info=&#8221;{}&#8221; custom_padding__hover=&#8221;|||&#8221;][et_pb_text _builder_version=&#8221;4.27.4&#8243; background_size=&#8221;initial&#8221; background_position=&#8221;top_left&#8221; background_repeat=&#8221;repeat&#8221; global_colors_info=&#8221;{}&#8221;]<!-- divi:heading --><\/p>\n<p class=\"p1\"><span style=\"font-size: x-large;\"><strong>Informativa al trattamento dati personali dei partecipanti all\u2019evento \u201cDC Night\u201d<\/strong><\/span><\/p>\n<p><span>Ai sensi del Regolamento Europeo sulla protezione dei dati personali 679\/2016<\/span><\/p>\n<p><strong>ROCK Communications SRL,<\/strong><span>\u00a0con Sede Legale in via Beato Agelico 23\/2 \u2013 20133 Milano \/ Sede Operativa in via dell\u2019Unione 1 \u2013 20122 Milano (P.IVA 06776230960), in qualit\u00e0 di Titolare del Trattamento dei dati personali, tratta i dati nel rispetto delle normative nazionali ed europee in materia di protezione dei dati personali.<\/span><br \/><span>La presente informativa, rivolta esclusivamente a coloro che attraverso questo\u00a0<\/span><a href=\"https:\/\/dcnight.com\/index.php\/home\/form-iscrizione\/\" title=\"link\" rel=\"noopener\"><strong>link<\/strong><\/a><span>\u00a0si registreranno per partecipare all\u2019evento, descrive le modalit\u00e0 di trattamento dei dati personali.<\/span><\/p>\n<p><strong>Titolare del trattamento<\/strong><br \/><span>Il Titolare del trattamento \u00e8\u00a0<\/span><strong>ROCK Communications SRL<\/strong><span>, con Sede Legale in via Beato Agelico 23\/2 \u2013 20133 Milano \/ Sede Operativa in via dell\u2019Unione 1 \u2013 20122 Milano (P.IVA 06776230960), tel +39 0236693300<\/span><\/p>\n<p><span>\u00c8 possibile contattare il Titolare utilizzando l\u2019indirizzo e-mail\u00a0<\/span><a href=\"mailto:dcnight@rock-comms.com?subject=DCNIGHT%20|%2031.05.2023%20|%20PRIVACY%20POLICY\" title=\"mail\" target=\"_blank\" rel=\"noopener\"><strong>dcnight@rock-comms.com<\/strong><\/a><\/p>\n<p><strong>Tipologia e fonte dei dati trattati<\/strong><br \/><span>Con la registrazione della richiesta di partecipazione attraverso il suddetto link, verr\u00e0 effettuata la raccolta e il trattamento dei dati personali forniti direttamente dagli interessati (quali nome, cognome, azienda\/ente di appartenenza, indirizzo e-mail, numero di telefono), dati strettamente necessari per la partecipazione, organizzazione e gestione dell\u2019evento.<\/span><br \/><span>All\u2019atto della registrazione e iscrizione all\u2019evento, agli utenti verr\u00e0 anche richiesto di comunicare dati appartenenti alle categorie particolari ex art. 9, par. 1, GDPR (c.d. dati sensibili) che rivelino lo stato di salute dell\u2019interessato al riguardo di eventuali allergie, intolleranze alimentari o particolari regimi dietetici. Il trattamento di tali dati sensibili avverr\u00e0 solo su base volontaria e previo rilascio del consenso esplicito per la finalit\u00e0 di tutela della salute dell\u2019Utente.<\/span><br \/><span>Sono comunque esclusi dal Trattamento tutti gli altri dati c.d. \u201cdati sensibili\u201d (art. 9 Capo I del Regolamento), ovvero quelli che consentono di rilevare l\u2019origine razziale ed etnica, le convinzioni religiose, filosofiche o di altro genere, le opinioni politiche, l\u2019adesione a partiti, sindacati, associazioni od organizzazioni a carattere religioso, filosofico, politico o sindacale, nonch\u00e9 ogni altro dato (ad eccezione di quello sovra precisato), idonei a rivelare lo stato di salute e la vita sessuale.<\/span><\/p>\n<p><strong>Finalit\u00e0 del trattamento e base giuridica<\/strong><br \/><span>Il trattamento dei dati personali sopra indicati \u00e8 necessario per la registrazione e partecipazione all\u2019evento, gestione delle attivit\u00e0 connesse da parte del Titolare (quali invio e-mail di promemoria, modifiche organizzative, organizzazione del\u00a0<\/span>catering<span>). I dati potranno inoltre essere trattati per il rispetto della normativa e regolamenti sulla sicurezza dei luoghi e per rispettare obblighi contrattuali, per l\u2019esercizio del diritto di difesa in sede giudiziaria.<\/span><br \/><span>Per le finalit\u00e0 sopra descritte \u00e8 richiesto il consenso espresso al momento della registrazione all\u2019evento.<\/span><br \/><span>Nel caso in cui il Titolare del Trattamento intendesse aggiungere ulteriori finalit\u00e0 di trattamento rispetto a quelle sopra indicate, la presente informativa verr\u00e0 adeguata ed integrata, con la richiesta di consenso al trattamento (se dovuto) nella modalit\u00e0 pi\u00f9 opportuna.<\/span><\/p>\n<p><strong>Materiale audio, video e fotografico<\/strong><br \/><span>Senza il consenso della persona ritratta ex art. 97 della legge sul diritto d\u2019autore (L. 22 aprile 1941, n. 633), potranno essere effettuare riprese e fotografie che ritraggono l\u2019utente che partecipa all\u2019evento di natura pubblica. Tale materiale non costituir\u00e0 trattamento di una categoria particolare di dato personale dell\u2019utente non consentendo l\u2019identificazione univoca o autenticazione dello stesso.<\/span><\/p>\n<p><strong>Finalit\u00e0 del trattamento e base giuridica.<\/strong><br \/><span>Le riprese di immagini fotografiche o riprese audio-video saranno effettuate per la prevalente finalit\u00e0 connessa e strumentale alla documentazione dell\u2019evento svolto utilizzando, per lo scopo, la diffusione delle stesse per mezzo dei mezzi di comunicazione oggi maggiormente impiegati.<\/span><br \/><span>Le immagini raccolte saranno pertanto prevalentemente rivolte al contesto ambientale in cui avviene l\u2019evento pubblico stesso (tema principale) e, in via meramente secondaria (di sfondo o contesto) ai soggetti presenti avendo l\u2019accortezza di non riprendere in primo piano o frontalmente il volto dei presenti ma con angolazioni che ne limitino la riconoscibilit\u00e0 dei soggetti e\/o effettuate da lunga distanza.<\/span><br \/><span>I trattamenti eseguiti per le finalit\u00e0 precedentemente descritte si basano sul rilascio del consenso da parte dell\u2019utente interessato che si intende esplicitamente manifestato, qualora l\u2019interessato, previamente informato si rechi negli spazi ove si svolge l\u2019evento. I trattamenti consistenti nella pubblicazione delle immagini per documentare l\u2019evento si basano sull\u2019interesse legittimo del Titolare.<\/span><\/p>\n<p><strong>Modalit\u00e0 di trattamento dei dati e loro comunicazione e diffusione<\/strong><br \/><span>Le immagini raccolte saranno conservate, anche in forma elettronica e su qualsiasi supporto tecnologico per le finalit\u00e0 e nei limiti sopra definiti. Potranno essere diffuse attraverso canali social network (Facebook, Twitter, Youtube a titolo esemplificativo ma non esaustivo).<\/span><\/p>\n<p><strong>Natura del conferimento<\/strong><br \/><span>Il conferimento dei dati \u00e8 necessario ai fini della regolare prestazione del servizio (partecipazione all\u2019evento). In caso di mancato conferimento dei dati non sar\u00e0 in alcun modo possibile per l\u2019Interessato accedere all\u2019evento.<\/span><\/p>\n<p><strong>Modalit\u00e0 e durata del trattamento<\/strong><br \/><span>Il trattamento \u00e8 effettuato attraverso strumenti elettronici e cartacei.<\/span><br \/><span>In relazione a tali trattamenti, il Titolare ha adottato adeguate misure di sicurezza al fine di garantire l\u2019integrit\u00e0 e la riservatezza dei dati.<\/span><br \/><span>I dati sono conservati dal Titolare del Trattamento per il tempo necessario a conseguire gli scopi per i quali i dati sono stati raccolti, ovvero partecipazione e svolgimento dell\u2019evento. Gli interessati potranno richiedere in qualunque momento la cessazione del trattamento, comunicandolo al Titolare.<\/span><\/p>\n<p><strong>Trasmissione e comunicazione dei dati<\/strong><br \/><span>I dati personali saranno portati a conoscenza di dipendenti o collaboratori del Titolare e di tutti gli organizzatori e gestori dell\u2019evento, incaricati e autorizzati al trattamento dei dati dal Titolare e adeguatamente istruiti.<\/span><br \/><span>I dati potrebbero essere trattati anche da societ\u00e0 esterne al Titolare per esigenze organizzative dell\u2019evento (es servizio di ristorazione, sicurezza, ecc..). Tali soggetti agiscono nell\u2019esercizio delle attivit\u00e0 di loro esclusiva competenza operano come autonomi Titolari del trattamento.<\/span><br \/><span>I dati potrebbero essere comunicati anche ad autorit\u00e0 giurisdizionali o di vigilanza, amministrazioni, enti ed organismi pubblici, nell\u2019esercizio delle loro funzioni.<\/span><br \/><span>I dati non sono soggetti in alcun modo a diffusione.<\/span><\/p>\n<p><strong>Trasferimento dati verso paesi terzi<\/strong><br \/><span>I dati personali raccolti per la partecipazione all\u2019evento saranno memorizzati dal fornitore del servizio di web hosting, che ha sede nella UE. Il Titolare non trasferisce al momento alcun dato verso paesi terzi.<\/span><\/p>\n<p><strong>Diritti dell\u2019Utente:<\/strong><br \/><span>Gli Utenti possono esercitare in ogni momento determinati diritti con riferimento ai dati trattati dal Titolare.<\/span><br \/><span>In particolare, ai sensi del GDPR, l\u2019Utente ha il diritto di:<\/span><\/p>\n<ul>\n<li>revocare il consenso in ogni momento;<\/li>\n<li>opporsi al trattamento dei propri dati;<\/li>\n<li>accedere ai propri dati;<\/li>\n<li>verificare e chiedere la rettificazione;<\/li>\n<li>ottenere la limitazione del trattamento;<\/li>\n<li>ottenere la cancellazione o rimozione dei propri dati personali;<\/li>\n<li>ricevere i propri dati o farli trasferire ad altro titolare;<\/li>\n<li>proporre reclamo all\u2019Autorit\u00e0 di controllo (Garante Privacy).<\/li>\n<\/ul>\n<p><span>Informativa resa in data 28\/02\/2025 agli utenti registrati per la partecipazione all\u2019evento \u201cDCNight\u201d<\/span><\/p>\n<p>&nbsp;<\/p>\n<p>&nbsp;<\/p>\n<p>&nbsp;<\/p>\n<p>&nbsp;<\/p>\n<p>&nbsp;<\/p>\n<p>&nbsp;<\/p>\n<p>&nbsp;<\/p>\n<p>&nbsp;<\/p>\n<p>&nbsp;<\/p>\n<p><!-- \/divi:heading --><!-- divi:paragraph --><!-- \/divi:paragraph --><\/p>\n<p>&nbsp;<\/p>\n<p>&nbsp;<\/p>\n<p>&nbsp;<\/p>\n<p>&nbsp;<\/p>\n<p>&nbsp;<\/p>\n<p>&nbsp;<\/p>\n<p>&nbsp;<\/p>\n<p>&nbsp;<\/p>\n<p>&nbsp;<\/p>\n<p><!-- \/divi:paragraph -->[\/et_pb_text][\/et_pb_column][\/et_pb_row][\/et_pb_section]<\/p>\n","protected":false},"excerpt":{"rendered":"<p>Informativa al trattamento dati personali dei partecipanti all\u2019evento \u201cDC Night\u201d Ai sensi del Regolamento Europeo sulla protezione dei dati personali 679\/2016 ROCK Communications SRL,\u00a0con Sede Legale in via Beato Agelico 23\/2 \u2013 20133 Milano \/ Sede Operativa in via dell\u2019Unione 1 \u2013 20122 Milano (P.IVA 06776230960), in qualit\u00e0 di Titolare del Trattamento dei dati personali, [&hellip;]<\/p>\n","protected":false},"author":1,"featured_media":0,"parent":0,"menu_order":1,"comment_status":"closed","ping_status":"closed","template":"","meta":{"_et_pb_use_builder":"on","_et_pb_old_content":"<!-- wp:heading -->\n<h2 class=\"wp-block-heading\">Who we are<\/h2>\n<!-- \/wp:heading -->\n<!-- wp:paragraph -->\n<p><strong class=\"privacy-policy-tutorial\">Suggested text: <\/strong>Our website address is: https:\/\/dcnight.com.<\/p>\n<!-- \/wp:paragraph -->\n<!-- wp:heading -->\n<h2 class=\"wp-block-heading\">Comments<\/h2>\n<!-- \/wp:heading -->\n<!-- wp:paragraph -->\n<p><strong class=\"privacy-policy-tutorial\">Suggested text: <\/strong>When visitors leave comments on the site we collect the data shown in the comments form, and also the visitor&#8217;s IP address and browser user agent string to help spam detection.<\/p>\n<!-- \/wp:paragraph -->\n<!-- wp:paragraph -->\n<p>An anonymized string created from your email address (also called a hash) may be provided to the Gravatar service to see if you are using it. The Gravatar service privacy policy is available here: https:\/\/automattic.com\/privacy\/. After approval of your comment, your profile picture is visible to the public in the context of your comment.<\/p>\n<!-- \/wp:paragraph -->\n<!-- wp:heading -->\n<h2 class=\"wp-block-heading\">Media<\/h2>\n<!-- \/wp:heading -->\n<!-- wp:paragraph -->\n<p><strong class=\"privacy-policy-tutorial\">Suggested text: <\/strong>If you upload images to the website, you should avoid uploading images with embedded location data (EXIF GPS) included. Visitors to the website can download and extract any location data from images on the website.<\/p>\n<!-- \/wp:paragraph -->\n<!-- wp:heading -->\n<h2 class=\"wp-block-heading\">Cookies<\/h2>\n<!-- \/wp:heading -->\n<!-- wp:paragraph -->\n<p><strong class=\"privacy-policy-tutorial\">Suggested text: <\/strong>If you leave a comment on our site you may opt-in to saving your name, email address and website in cookies. These are for your convenience so that you do not have to fill in your details again when you leave another comment. These cookies will last for one year.<\/p>\n<!-- \/wp:paragraph -->\n<!-- wp:paragraph -->\n<p>If you visit our login page, we will set a temporary cookie to determine if your browser accepts cookies. This cookie contains no personal data and is discarded when you close your browser.<\/p>\n<!-- \/wp:paragraph -->\n<!-- wp:paragraph -->\n<p>When you log in, we will also set up several cookies to save your login information and your screen display choices. Login cookies last for two days, and screen options cookies last for a year. If you select &quot;Remember Me&quot;, your login will persist for two weeks. If you log out of your account, the login cookies will be removed.<\/p>\n<!-- \/wp:paragraph -->\n<!-- wp:paragraph -->\n<p>If you edit or publish an article, an additional cookie will be saved in your browser. This cookie includes no personal data and simply indicates the post ID of the article you just edited. It expires after 1 day.<\/p>\n<!-- \/wp:paragraph -->\n<!-- wp:heading -->\n<h2 class=\"wp-block-heading\">Embedded content from other websites<\/h2>\n<!-- \/wp:heading -->\n<!-- wp:paragraph -->\n<p><strong class=\"privacy-policy-tutorial\">Suggested text: <\/strong>Articles on this site may include embedded content (e.g. videos, images, articles, etc.). Embedded content from other websites behaves in the exact same way as if the visitor has visited the other website.<\/p>\n<!-- \/wp:paragraph -->\n<!-- wp:paragraph -->\n<p>These websites may collect data about you, use cookies, embed additional third-party tracking, and monitor your interaction with that embedded content, including tracking your interaction with the embedded content if you have an account and are logged in to that website.<\/p>\n<!-- \/wp:paragraph -->\n<!-- wp:heading -->\n<h2 class=\"wp-block-heading\">Who we share your data with<\/h2>\n<!-- \/wp:heading -->\n<!-- wp:paragraph -->\n<p><strong class=\"privacy-policy-tutorial\">Suggested text: <\/strong>If you request a password reset, your IP address will be included in the reset email.<\/p>\n<!-- \/wp:paragraph -->\n<!-- wp:heading -->\n<h2 class=\"wp-block-heading\">How long we retain your data<\/h2>\n<!-- \/wp:heading -->\n<!-- wp:paragraph -->\n<p><strong class=\"privacy-policy-tutorial\">Suggested text: <\/strong>If you leave a comment, the comment and its metadata are retained indefinitely. This is so we can recognize and approve any follow-up comments automatically instead of holding them in a moderation queue.<\/p>\n<!-- \/wp:paragraph -->\n<!-- wp:paragraph -->\n<p>For users that register on our website (if any), we also store the personal information they provide in their user profile. All users can see, edit, or delete their personal information at any time (except they cannot change their username). Website administrators can also see and edit that information.<\/p>\n<!-- \/wp:paragraph -->\n<!-- wp:heading -->\n<h2 class=\"wp-block-heading\">What rights you have over your data<\/h2>\n<!-- \/wp:heading -->\n<!-- wp:paragraph -->\n<p><strong class=\"privacy-policy-tutorial\">Suggested text: <\/strong>If you have an account on this site, or have left comments, you can request to receive an exported file of the personal data we hold about you, including any data you have provided to us. You can also request that we erase any personal data we hold about you. This does not include any data we are obliged to keep for administrative, legal, or security purposes.<\/p>\n<!-- \/wp:paragraph -->\n<!-- wp:heading -->\n<h2 class=\"wp-block-heading\">Where your data is sent<\/h2>\n<!-- \/wp:heading -->\n<!-- wp:paragraph -->\n<p><strong class=\"privacy-policy-tutorial\">Suggested text: <\/strong>Visitor comments may be checked through an automated spam detection service.<\/p>\n<!-- \/wp:paragraph -->\n","_et_gb_content_width":"","footnotes":""},"class_list":["post-3","page","type-page","status-publish","hentry"],"_links":{"self":[{"href":"https:\/\/dcnight.com\/it\/wp-json\/wp\/v2\/pages\/3","targetHints":{"allow":["GET"]}}],"collection":[{"href":"https:\/\/dcnight.com\/it\/wp-json\/wp\/v2\/pages"}],"about":[{"href":"https:\/\/dcnight.com\/it\/wp-json\/wp\/v2\/types\/page"}],"author":[{"embeddable":true,"href":"https:\/\/dcnight.com\/it\/wp-json\/wp\/v2\/users\/1"}],"replies":[{"embeddable":true,"href":"https:\/\/dcnight.com\/it\/wp-json\/wp\/v2\/comments?post=3"}],"version-history":[{"count":13,"href":"https:\/\/dcnight.com\/it\/wp-json\/wp\/v2\/pages\/3\/revisions"}],"predecessor-version":[{"id":256,"href":"https:\/\/dcnight.com\/it\/wp-json\/wp\/v2\/pages\/3\/revisions\/256"}],"wp:attachment":[{"href":"https:\/\/dcnight.com\/it\/wp-json\/wp\/v2\/media?parent=3"}],"curies":[{"name":"wp","href":"https:\/\/api.w.org\/{rel}","templated":true}]}}